{"id":11,"date":"2013-07-24T13:44:55","date_gmt":"2013-07-24T12:44:55","guid":{"rendered":"http:\/\/www.sfv-leonberg.de\/?page_id=11"},"modified":"2019-03-11T12:34:01","modified_gmt":"2019-03-11T11:34:01","slug":"unsere-gewasser","status":"publish","type":"page","link":"https:\/\/www.sfv-leonberg.de\/?page_id=11","title":{"rendered":"Unsere Gew\u00e4sser"},"content":{"rendered":"<table border=\"0\" width=\"704\" cellspacing=\"0\" cellpadding=\"0\">\n<tbody>\n<tr>\n<td style=\"text-align: left;\" valign=\"top\" width=\"462\" height=\"16\">&nbsp;<\/td>\n<\/tr>\n<tr>\n<td height=\"5\"><strong>Unsere Seen:<\/strong><\/td>\n<\/tr>\n<tr>\n<td style=\"text-align: center;\" valign=\"top\" height=\"234\">\n<p style=\"text-align: left;\">Als erstes sei der <strong>Tiefenbachsee<\/strong> mit einer Gr\u00f6\u00dfe von 30 a erw\u00e4hnt.<br \/>\nDer See wurde letztes Jahr (2018) ausgebaggert, der Zulauf neu&nbsp;gestaltet und bepflanzt.<\/p>\n<p style=\"text-align: left;\"><a href=\"https:\/\/www.sfv-leonberg.de\/wp-content\/uploads\/2019\/03\/Tiefenbachsee.jpeg\"><img loading=\"lazy\" decoding=\"async\" class=\"size-large wp-image-334 aligncenter\" src=\"https:\/\/www.sfv-leonberg.de\/wp-content\/uploads\/2019\/03\/Tiefenbachsee-1024x682.jpeg\" alt=\"\" width=\"1024\" height=\"682\" srcset=\"https:\/\/www.sfv-leonberg.de\/wp-content\/uploads\/2019\/03\/Tiefenbachsee-1024x682.jpeg 1024w, https:\/\/www.sfv-leonberg.de\/wp-content\/uploads\/2019\/03\/Tiefenbachsee-300x200.jpeg 300w, https:\/\/www.sfv-leonberg.de\/wp-content\/uploads\/2019\/03\/Tiefenbachsee-768x511.jpeg 768w\" sizes=\"auto, (max-width: 1024px) 100vw, 1024px\" \/><\/a><\/p>\n<p style=\"text-align: left;\">Aufgrund der Ma\u00dfnahmen hat der See aktuell keinen fangf\u00e4higen Besatz, wird aber in den n\u00e4chsten Jahren unter Ber\u00fccksichtigung der ok\u00f6logischen Gesichtspunkte mit geeigneten heimischen Fischarten neu besetzt.<br \/>\nDieser See befindet sich direkt neben unserem gem\u00fctlichen&nbsp;Vereinsheim.<\/p>\n<p><a href=\"https:\/\/www.sfv-leonberg.de\/wp-content\/uploads\/2019\/03\/Hedersbachsee.jpeg\"><img loading=\"lazy\" decoding=\"async\" class=\"aligncenter size-large wp-image-333\" src=\"https:\/\/www.sfv-leonberg.de\/wp-content\/uploads\/2019\/03\/Hedersbachsee-1024x682.jpeg\" alt=\"\" width=\"1024\" height=\"682\" srcset=\"https:\/\/www.sfv-leonberg.de\/wp-content\/uploads\/2019\/03\/Hedersbachsee-1024x682.jpeg 1024w, https:\/\/www.sfv-leonberg.de\/wp-content\/uploads\/2019\/03\/Hedersbachsee-300x200.jpeg 300w, https:\/\/www.sfv-leonberg.de\/wp-content\/uploads\/2019\/03\/Hedersbachsee-768x511.jpeg 768w\" sizes=\"auto, (max-width: 1024px) 100vw, 1024px\" \/><\/a><\/p>\n<p style=\"text-align: left;\">Wer es ein bisschen ruhiger haben will, geht an den <strong>Hedersbachsee<\/strong>, welcher eine Gr\u00f6\u00dfe von 35 a hat und in sehr sch\u00f6ner Lage mitten im Wald liegt.<br \/>\nVom Vereinsheim aus ist dieser in 10 Min. mit dem Auto zu erreichen und befindet&nbsp;sich in der N\u00e4he der alten Solitude.<br \/>\nRuhiger deshalb, weil hier ein \u00f6kologisch ausgewogener Besatz an Raub- und Friedfischen vorhanden ist und auch den W\u00fcnschen des Friedfisch-Anglers voll gerecht wird.<br \/>\nSo kann sich dann jeder selbst aussuchen, wie er seinen Angeltag gestalten will &#8211;&nbsp;vielleicht ein bisschen von hier und ein bisschen von dort und das Ganze<br \/>\nunter Ber\u00fccksichtigung der h\u00e4uslichen Pfannengr\u00f6\u00dfe &#8230;<\/p>\n<\/td>\n<\/tr>\n<\/tbody>\n<\/table>\n","protected":false},"excerpt":{"rendered":"<p>&nbsp; Unsere Seen: Als erstes sei der Tiefenbachsee mit einer Gr\u00f6\u00dfe von 30 a erw\u00e4hnt. Der See wurde letztes Jahr (2018) ausgebaggert, der Zulauf neu&nbsp;gestaltet und bepflanzt. Aufgrund der Ma\u00dfnahmen hat der See aktuell keinen fangf\u00e4higen Besatz, wird aber in den n\u00e4chsten Jahren unter Ber\u00fccksichtigung der ok\u00f6logischen Gesichtspunkte mit geeigneten heimischen Fischarten neu besetzt. Dieser [&hellip;]<\/p>\n","protected":false},"author":1,"featured_media":42,"parent":0,"menu_order":0,"comment_status":"open","ping_status":"open","template":"","meta":{"ngg_post_thumbnail":0,"footnotes":""},"class_list":["post-11","page","type-page","status-publish","has-post-thumbnail","czr-hentry"],"_links":{"self":[{"href":"https:\/\/www.sfv-leonberg.de\/index.php?rest_route=\/wp\/v2\/pages\/11","targetHints":{"allow":["GET"]}}],"collection":[{"href":"https:\/\/www.sfv-leonberg.de\/index.php?rest_route=\/wp\/v2\/pages"}],"about":[{"href":"https:\/\/www.sfv-leonberg.de\/index.php?rest_route=\/wp\/v2\/types\/page"}],"author":[{"embeddable":true,"href":"https:\/\/www.sfv-leonberg.de\/index.php?rest_route=\/wp\/v2\/users\/1"}],"replies":[{"embeddable":true,"href":"https:\/\/www.sfv-leonberg.de\/index.php?rest_route=%2Fwp%2Fv2%2Fcomments&post=11"}],"version-history":[{"count":11,"href":"https:\/\/www.sfv-leonberg.de\/index.php?rest_route=\/wp\/v2\/pages\/11\/revisions"}],"predecessor-version":[{"id":342,"href":"https:\/\/www.sfv-leonberg.de\/index.php?rest_route=\/wp\/v2\/pages\/11\/revisions\/342"}],"wp:featuredmedia":[{"embeddable":true,"href":"https:\/\/www.sfv-leonberg.de\/index.php?rest_route=\/wp\/v2\/media\/42"}],"wp:attachment":[{"href":"https:\/\/www.sfv-leonberg.de\/index.php?rest_route=%2Fwp%2Fv2%2Fmedia&parent=11"}],"curies":[{"name":"wp","href":"https:\/\/api.w.org\/{rel}","templated":true}]}}